{"id":396,"date":"2021-05-11T16:01:03","date_gmt":"2021-05-11T16:01:03","guid":{"rendered":"beta.sitrack.com.ar\/portal\/?page_id=396"},"modified":"2021-05-19T14:28:04","modified_gmt":"2021-05-19T14:28:04","slug":"quienes-somos","status":"publish","type":"page","link":"https:\/\/beta.sitrack.com.ar\/portal\/quienes-somos\/","title":{"rendered":"Quienes somos 2021"},"content":{"rendered":"<p>[vc_section el_id=&#8221;QUIENES-SOMOS&#8221;][vc_row el_class=&#8221;boxer&#8221;][vc_column][vc_row_inner][vc_column_inner width=&#8221;1\/6&#8243;][\/vc_column_inner][vc_column_inner el_class=&#8221;centrar&#8221; width=&#8221;2\/3&#8243;][vc_column_text]<\/p>\n<h2>QUI\u00c9NES SOMOS<\/h2>\n<p>Con una amplia trayectoria en el mercado, nos hemos consolidado como una empresa seria y responsable, dedicada a la provisi\u00f3n de servicios de informaci\u00f3n con tecnolog\u00eda de punta.<br \/>\n\u00a1Conoce m\u00e1s de nosotros![\/vc_column_text][\/vc_column_inner][vc_column_inner width=&#8221;1\/6&#8243;][\/vc_column_inner][\/vc_row_inner][\/vc_column][\/vc_row][\/vc_section][vc_section el_id=&#8221;EMPRESA&#8221; el_class=&#8221;EMPRESA&#8221;][vc_row el_class=&#8221;boxer&#8221;][vc_column width=&#8221;1\/12&#8243;][\/vc_column][vc_column width=&#8221;5\/6&#8243; el_class=&#8221;griss&#8221;][vc_row_inner][vc_column_inner width=&#8221;5\/12&#8243;][vc_column_text]<img class=\"nosotros-img\" src=\"https:\/\/www.sitrack.cl\/portal\/wp-content\/themes\/sitrack-2020\/img\/empresa.jpg\" alt=\"empresa\" \/>[\/vc_column_text][\/vc_column_inner][vc_column_inner width=&#8221;1\/12&#8243;][\/vc_column_inner][vc_column_inner width=&#8221;1\/2&#8243;][vc_column_text]<\/p>\n<h2>EMPRESA<\/h2>\n<p>Fundada en 1999, somos una empresa de alta tecnolog\u00eda dedicada a la provisi\u00f3n de servicios de informaci\u00f3n a medida.<\/p>\n<p>Colaboramos estrechamente con nuestros clientes en el desarrollo de herramientas adaptadas a su operatoria y necesidades, aportando soluciones integrales de servicio a los sectores Log\u00edstico, Naviero, Petrolero, Residuo, Maquinaria, Dadores de Carga y Diagn\u00f3stico, entre otros.<\/p>\n<p>Nuestra empresa posee oficinas y operaci\u00f3n 24\/7 en Argentina, Brasil, Chile, Uruguay y M\u00e9xico, siendo la \u00fanica empresa que abarca totalmente el corredor Bioce\u00e1nico, y que adem\u00e1s desarrollamos una de las m\u00e1s amplias redes de instalaci\u00f3n y servicios de Sudam\u00e9rica.<\/p>\n<p>En la actualidad, m\u00e1s de 250 profesionales altamente capacitados desarrollan y operan los diferentes sistemas que prestan servicio a m\u00e1s de 100.000 m\u00f3viles distribuidos en las principales empresas de Am\u00e9rica Latina.[\/vc_column_text][\/vc_column_inner][\/vc_row_inner][\/vc_column][vc_column width=&#8221;1\/12&#8243;][\/vc_column][\/vc_row][\/vc_section][vc_section el_id=&#8221;NUESTRA-MISION&#8221;][vc_row el_class=&#8221;boxer&#8221;][vc_column][vc_row_inner][vc_column_inner width=&#8221;1\/6&#8243;][\/vc_column_inner][vc_column_inner el_class=&#8221;div-padre&#8221; width=&#8221;1\/3&#8243;][vc_column_text]<\/p>\n<h2>NUESTRA MISI\u00d3N<\/h2>\n<p>Nuestra Misi\u00f3n es integrarnos de manera efectiva en la cadena de negocio de nuestros clientes, permiti\u00e9ndoles a trav\u00e9s de nuestros servicios controlar y asegurar el bienestar de sus capitales, reducir sus costos, y observar y efectivizar su operaci\u00f3n.[\/vc_column_text][\/vc_column_inner][vc_column_inner width=&#8221;1\/3&#8243;][vc_column_text]<img class=\"nosotros-img\" src=\"https:\/\/www.sitrack.cl\/portal\/wp-content\/themes\/sitrack-2020\/img\/mision.jpg\" alt=\"mision\" \/>[\/vc_column_text][\/vc_column_inner][vc_column_inner width=&#8221;1\/6&#8243;][\/vc_column_inner][\/vc_row_inner][\/vc_column][\/vc_row][\/vc_section][vc_section el_id=&#8221;EMPRESA&#8221;][vc_row el_class=&#8221;boxer&#8221;][vc_column width=&#8221;1\/12&#8243;][\/vc_column][vc_column width=&#8221;5\/6&#8243; el_class=&#8221;griss&#8221;][vc_row_inner][vc_column_inner width=&#8221;5\/12&#8243;][vc_column_text]<img class=\"nosotros-img\" src=\"https:\/\/www.sitrack.cl\/portal\/wp-content\/themes\/sitrack-2020\/img\/valores.jpg\" alt=\"valor\" \/>[\/vc_column_text][\/vc_column_inner][vc_column_inner width=&#8221;1\/12&#8243;][\/vc_column_inner][vc_column_inner width=&#8221;1\/2&#8243;][vc_column_text]<\/p>\n<h2>NUESTROS VALORES<\/h2>\n<p><strong>Orientaci\u00f3n hacia el servicio al cliente:<\/strong> permanente actitud de respeto y preocupaci\u00f3n ante los requerimientos de los clientes, internos y externos; as\u00ed como una constante investigaci\u00f3n de sus necesidades.<\/p>\n<p><strong>B\u00fasqueda constante de la excelencia en los procesos, productos y servicios:<\/strong> a los fines de cumplir las expectativas de los clientes en cuanto a tiempo, costo y calidad. Transparencia interna: actuaci\u00f3n empresarial y funcionarios apegados a la legalidad, criterios t\u00e9cnicos y principios \u00e9ticos.<\/p>\n<p><strong>Trabajo en equipo y convergencia de esfuerzos:<\/strong> disposici\u00f3n de esfuerzos en procura de la realizaci\u00f3n de los objetivos estrat\u00e9gicos de la empresa, compatibilizando los objetivos individuales y grupales con los de la organizaci\u00f3n.[\/vc_column_text][\/vc_column_inner][\/vc_row_inner][\/vc_column][vc_column width=&#8221;1\/12&#8243;][\/vc_column][\/vc_row][\/vc_section][vc_section el_id=&#8221;ESTEMOS_EN_CONTACTO&#8221;][vc_row el_class=&#8221;boxer&#8221;][vc_column][vc_row_inner][vc_column_inner width=&#8221;1\/6&#8243;][\/vc_column_inner][vc_column_inner width=&#8221;2\/3&#8243;][vc_column_text]<\/p>\n<h2>TRABAJA CON NOSOTROS<\/h2>\n<p>[\/vc_column_text][vc_raw_js]JTNDZGl2JTIwaWQlM0QlMjJUUkFCQUpBX0NPTl9OT1NPVFJPUyUyMiUyMGNsYXNzJTNEJTIydGFiY29udGVudCUyMiUyMHN0eWxlJTNEJTIyZGlzcGxheSUzQSUyMGJsb2NrJTNCJTIyJTNFJTBBJTNDZGl2JTIwaWQlM0QlMjJmb3JtLWh1YnNwb3QtMyUyMiUyMCUzRSUzQyUyRmRpdiUzRSUwQSUzQ3NjcmlwdCUzRSUwQSUyMCUyMGhic3B0LmZvcm1zLmNyZWF0ZSUyOCU3QiUyMCUwQSUyMCUyMCUyMCUyMGNzcyUzQSUyMCUyNyUyNyUyQyUwQSUyMCUyMCUyMCUyMHRhcmdldCUzQSUyMCUyNyUyM2Zvcm0taHVic3BvdC0zJTI3JTJDJTBBJTIwJTIwJTIwJTIwcG9ydGFsSWQlM0ElMjAlMjcyNDI3MTIxJTI3JTJDJTBBJTIwJTIwJTIwJTIwZm9ybUlkJTNBJTIwJTI3YzI3ZDEyYTctZTUyMS00MWI3LTg1YmYtMjg2ODAyNzZkYWQ0JTI3JTBBJTIwJTIwJTdEJTI5JTNCJTBBJTNDJTJGc2NyaXB0JTNFJTBBJTNDJTJGZGl2JTNF[\/vc_raw_js][\/vc_column_inner][vc_column_inner width=&#8221;1\/6&#8243;][\/vc_column_inner][\/vc_row_inner][\/vc_column][\/vc_row][\/vc_section]<\/p>\n","protected":false},"excerpt":{"rendered":"[vc_section el_id=&#8221;QUIENES-SOMOS&#8221;][vc_row el_class=&#8221;boxer&#8221;][vc_column][vc_row_inner][vc_column_inner width=&#8221;1\/6&#8243;][\/vc_column_inner][vc_column_inner el_class=&#8221;centrar&#8221; width=&#8221;2\/3&#8243;][vc_column_text] QUI\u00c9NES SOMOS Con una amplia trayectoria en el mercado, nos hemos consolidado como una empresa seria y responsable, dedicada a la provisi\u00f3n de servicios de informaci\u00f3n con tecnolog\u00eda de punta. \u00a1Conoce m\u00e1s de nosotros![\/vc_column_text][\/vc_column_inner][vc_column_inner width=&#8221;1\/6&#8243;][\/vc_column_inner][\/vc_row_inner][\/vc_column][\/vc_row][\/vc_section][vc_section el_id=&#8221;EMPRESA&#8221; el_class=&#8221;EMPRESA&#8221;][vc_row el_class=&#8221;boxer&#8221;][vc_column width=&#8221;1\/12&#8243;][\/vc_column][vc_column width=&#8221;5\/6&#8243; el_class=&#8221;griss&#8221;][vc_row_inner][vc_column_inner width=&#8221;5\/12&#8243;][vc_column_text][\/vc_column_text][\/vc_column_inner][vc_column_inner width=&#8221;1\/12&#8243;][\/vc_column_inner][vc_column_inner width=&#8221;1\/2&#8243;][vc_column_text] EMPRESA Fundada en 1999, somos&#8230; <a class=\"view-article\" href=\"https:\/\/beta.sitrack.com.ar\/portal\/quienes-somos\/\">Ver art\u00edculo<\/a>","protected":false},"author":1,"featured_media":0,"parent":0,"menu_order":0,"comment_status":"closed","ping_status":"closed","template":"plantilla-espanol.php","meta":[],"yoast_head":"<!-- This site is optimized with the Yoast SEO plugin v15.5 - https:\/\/yoast.com\/wordpress\/plugins\/seo\/ -->\n<meta name=\"robots\" content=\"index, follow, max-snippet:-1, max-image-preview:large, max-video-preview:-1\" \/>\n<link rel=\"canonical\" href=\"http:\/\/beta.sitrack.com.ar\/portal\/quienes-somos\/\" \/>\n<meta property=\"og:locale\" content=\"es_ES\" \/>\n<meta property=\"og:type\" content=\"article\" \/>\n<meta property=\"og:title\" content=\"Quienes somos 2021 - Sitrack Argentina\" \/>\n<meta property=\"og:description\" content=\"[vc_section el_id=&#8221;QUIENES-SOMOS&#8221;][vc_row el_class=&#8221;boxer&#8221;][vc_column][vc_row_inner][vc_column_inner width=&#8221;1\/6&#8243;][\/vc_column_inner][vc_column_inner el_class=&#8221;centrar&#8221; width=&#8221;2\/3&#8243;][vc_column_text] QUI\u00c9NES SOMOS Con una amplia trayectoria en el mercado, nos hemos consolidado como una empresa seria y responsable, dedicada a la provisi\u00f3n de servicios de informaci\u00f3n con tecnolog\u00eda de punta. \u00a1Conoce m\u00e1s de nosotros![\/vc_column_text][\/vc_column_inner][vc_column_inner width=&#8221;1\/6&#8243;][\/vc_column_inner][\/vc_row_inner][\/vc_column][\/vc_row][\/vc_section][vc_section el_id=&#8221;EMPRESA&#8221; el_class=&#8221;EMPRESA&#8221;][vc_row el_class=&#8221;boxer&#8221;][vc_column width=&#8221;1\/12&#8243;][\/vc_column][vc_column width=&#8221;5\/6&#8243; el_class=&#8221;griss&#8221;][vc_row_inner][vc_column_inner width=&#8221;5\/12&#8243;][vc_column_text][\/vc_column_text][\/vc_column_inner][vc_column_inner width=&#8221;1\/12&#8243;][\/vc_column_inner][vc_column_inner width=&#8221;1\/2&#8243;][vc_column_text] EMPRESA Fundada en 1999, somos... Ver art\u00edculo\" \/>\n<meta property=\"og:url\" content=\"http:\/\/beta.sitrack.com.ar\/portal\/quienes-somos\/\" \/>\n<meta property=\"og:site_name\" content=\"Sitrack Argentina\" \/>\n<meta property=\"article:modified_time\" content=\"2021-05-19T14:28:04+00:00\" \/>\n<meta property=\"og:image\" content=\"https:\/\/www.sitrack.cl\/portal\/wp-content\/themes\/sitrack-2020\/img\/empresa.jpg\" \/>\n<meta name=\"twitter:card\" content=\"summary\" \/>\n<meta name=\"twitter:label1\" content=\"Est. reading time\">\n\t<meta name=\"twitter:data1\" content=\"3 minutos\">\n<script type=\"application\/ld+json\" class=\"yoast-schema-graph\">{\"@context\":\"https:\/\/schema.org\",\"@graph\":[{\"@type\":\"WebSite\",\"@id\":\"http:\/\/beta.sitrack.com.ar\/portal\/#website\",\"url\":\"http:\/\/beta.sitrack.com.ar\/portal\/\",\"name\":\"Sitrack Argentina\",\"description\":\"Soluciones Inteligentes\",\"potentialAction\":[{\"@type\":\"SearchAction\",\"target\":\"http:\/\/beta.sitrack.com.ar\/portal\/?s={search_term_string}\",\"query-input\":\"required name=search_term_string\"}],\"inLanguage\":\"es-CL\"},{\"@type\":\"ImageObject\",\"@id\":\"http:\/\/beta.sitrack.com.ar\/portal\/quienes-somos\/#primaryimage\",\"inLanguage\":\"es-CL\",\"url\":\"https:\/\/www.sitrack.cl\/portal\/wp-content\/themes\/sitrack-2020\/img\/empresa.jpg\"},{\"@type\":\"WebPage\",\"@id\":\"http:\/\/beta.sitrack.com.ar\/portal\/quienes-somos\/#webpage\",\"url\":\"http:\/\/beta.sitrack.com.ar\/portal\/quienes-somos\/\",\"name\":\"Quienes somos 2021 - Sitrack Argentina\",\"isPartOf\":{\"@id\":\"http:\/\/beta.sitrack.com.ar\/portal\/#website\"},\"primaryImageOfPage\":{\"@id\":\"http:\/\/beta.sitrack.com.ar\/portal\/quienes-somos\/#primaryimage\"},\"datePublished\":\"2021-05-11T16:01:03+00:00\",\"dateModified\":\"2021-05-19T14:28:04+00:00\",\"inLanguage\":\"es-CL\",\"potentialAction\":[{\"@type\":\"ReadAction\",\"target\":[\"http:\/\/beta.sitrack.com.ar\/portal\/quienes-somos\/\"]}]}]}<\/script>\n<!-- \/ Yoast SEO plugin. -->","_links":{"self":[{"href":"https:\/\/beta.sitrack.com.ar\/portal\/wp-json\/wp\/v2\/pages\/396"}],"collection":[{"href":"https:\/\/beta.sitrack.com.ar\/portal\/wp-json\/wp\/v2\/pages"}],"about":[{"href":"https:\/\/beta.sitrack.com.ar\/portal\/wp-json\/wp\/v2\/types\/page"}],"author":[{"embeddable":true,"href":"https:\/\/beta.sitrack.com.ar\/portal\/wp-json\/wp\/v2\/users\/1"}],"replies":[{"embeddable":true,"href":"https:\/\/beta.sitrack.com.ar\/portal\/wp-json\/wp\/v2\/comments?post=396"}],"version-history":[{"count":2,"href":"https:\/\/beta.sitrack.com.ar\/portal\/wp-json\/wp\/v2\/pages\/396\/revisions"}],"predecessor-version":[{"id":450,"href":"https:\/\/beta.sitrack.com.ar\/portal\/wp-json\/wp\/v2\/pages\/396\/revisions\/450"}],"wp:attachment":[{"href":"https:\/\/beta.sitrack.com.ar\/portal\/wp-json\/wp\/v2\/media?parent=396"}],"curies":[{"name":"wp","href":"https:\/\/api.w.org\/{rel}","templated":true}]}}