{"id":398,"date":"2021-05-11T16:01:48","date_gmt":"2021-05-11T16:01:48","guid":{"rendered":"beta.sitrack.com.ar\/portal\/?page_id=398"},"modified":"2021-05-11T19:59:01","modified_gmt":"2021-05-11T19:59:01","slug":"telemetria-ican","status":"publish","type":"page","link":"https:\/\/beta.sitrack.com.ar\/portal\/telemetria-ican\/","title":{"rendered":"Telemetr\u00eda iCAN 2021"},"content":{"rendered":"<p>[vc_section full_width=&#8221;stretch_row&#8221; css=&#8221;.vc_custom_1578923109221{background-image: url(https:\/\/www.sitrack.cl\/portal\/wp-content\/uploads\/sites\/3\/2020\/01\/banner-ican.jpg?id=1261) !important;background-position: center !important;background-repeat: no-repeat !important;background-size: cover !important;}&#8221; el_id=&#8221;banner-landing&#8221;][vc_row el_class=&#8221;boxer&#8221;][vc_column][vc_row_inner][vc_column_inner el_class=&#8221;texts-banner&#8221; width=&#8221;9\/12&#8243;][vc_column_text css_animation=&#8221;fadeIn&#8221; el_class=&#8221;texts-banner&#8221;]<\/p>\n<h1><strong>Telemetr\u00eda iCAN<\/strong><br \/>\nObt\u00e9n informaci\u00f3n del motor a trav\u00e9s de reportes gr\u00e1ficos sobre la conducci\u00f3n y consumo de combustible.<\/h1>\n<p><a class=\"btn\" href=\"#form-2\">Cont\u00e1ctanos<\/a>[\/vc_column_text][\/vc_column_inner][\/vc_row_inner][\/vc_column][\/vc_row][\/vc_section][vc_section full_width=&#8221;stretch_row&#8221; content_placement=&#8221;top&#8221; css_animation=&#8221;fadeIn&#8221; el_class=&#8221;parallax&#8221; el_id=&#8221;informacion-1-landing&#8221;][vc_row content_placement=&#8221;top&#8221; el_class=&#8221;boxer&#8221;][vc_column width=&#8221;1\/2&#8243; el_class=&#8221;column-izq&#8221;][vc_row_inner][vc_column_inner][vc_column_text css_animation=&#8221;fadeInLeft&#8221;]<\/p>\n<p>\u00bfPor qu\u00e9 iCAN?<\/p>\n<p>Es un dispositivo capaz de leer los datos de la ECM o ECU (Electronic Control Module) y enviarlos a la plataforma de Sitrack para el an\u00e1lisis de la informaci\u00f3n. Con la iCAN podemos tener las siguientes soluciones:<\/p>\n<p>Lector de datos para ECM J1939 (CAN) y J1708.<br \/>\nIdentificaci\u00f3n de conductores mediante dispositivos RFID.<br \/>\nControl de Combustible (Preguntar por marca y modelo de unidades).<\/p>\n<p>[\/vc_column_text][\/vc_column_inner][\/vc_row_inner][\/vc_column][vc_column css_animation=&#8221;fadeInRight&#8221; width=&#8221;1\/2&#8243; el_class=&#8221;ordenador column-der&#8221;][vc_column_text css_animation=&#8221;fadeInLeft&#8221;]<img loading=\"lazy\" class=\"size-full wp-image-1157 aligncenter\" src=\"https:\/\/www.sitrack.cl\/portal\/wp-content\/uploads\/sites\/3\/2020\/01\/ican-png.png\" alt=\"\" width=\"626\" height=\"702\" \/>[\/vc_column_text][\/vc_column][\/vc_row][\/vc_section][vc_section full_width=&#8221;stretch_row&#8221; css_animation=&#8221;fadeIn&#8221; el_id=&#8221;informacion-2-landing&#8221;][vc_row el_class=&#8221;boxer&#8221;][vc_column][vc_column_text]<\/p>\n<p>Con iCAN podr\u00e1s consultar<\/p>\n<p>[\/vc_column_text][\/vc_column][\/vc_row][vc_row el_class=&#8221;iconos cincoColumnas boxer&#8221;][vc_column width=&#8221;1\/12&#8243; el_class=&#8221;sinIcono&#8221;][\/vc_column][vc_column width=&#8221;1\/12&#8243; el_class=&#8221;conIcono&#8221;][vc_single_image source=&#8221;external_link&#8221; alignment=&#8221;center&#8221; custom_src=&#8221;\/\/www.sitrack.cl\/portal\/wp-content\/uploads\/sites\/3\/svg\/ican\/kilometraje-unidad.svg&#8221; el_class=&#8221;icon&#8221;][vc_column_text el_class=&#8221;text-d-icon&#8221;]<\/p>\n<p>Kilometraje de la unidad<\/p>\n<p>[\/vc_column_text][\/vc_column][vc_column width=&#8221;1\/12&#8243; el_class=&#8221;conIcono&#8221;][vc_single_image source=&#8221;external_link&#8221; alignment=&#8221;center&#8221; custom_src=&#8221;\/\/www.sitrack.cl\/portal\/wp-content\/uploads\/sites\/3\/svg\/ican\/tiempo-motor.svg&#8221; el_class=&#8221;icon&#8221;][vc_column_text el_class=&#8221;text-d-icon&#8221;]<\/p>\n<p>Tiempo de operaci\u00f3n del motor<\/p>\n<p>[\/vc_column_text][\/vc_column][vc_column width=&#8221;1\/12&#8243; el_class=&#8221;conIcono&#8221;][vc_single_image source=&#8221;external_link&#8221; alignment=&#8221;center&#8221; custom_src=&#8221;\/\/www.sitrack.cl\/portal\/wp-content\/uploads\/sites\/3\/svg\/ican\/rendimiento-unidad.svg&#8221; el_class=&#8221;icon&#8221;][vc_column_text el_class=&#8221;text-d-icon&#8221;]<\/p>\n<p>Rendimiento de la unidad<\/p>\n<p>[\/vc_column_text][\/vc_column][vc_column width=&#8221;1\/12&#8243; el_class=&#8221;conIcono&#8221;][vc_single_image source=&#8221;external_link&#8221; custom_src=&#8221;\/\/www.sitrack.cl\/portal\/wp-content\/uploads\/sites\/3\/svg\/ican\/velocidad-1.svg&#8221; el_class=&#8221;icon&#8221;][vc_column_text el_class=&#8221;text-d-icon&#8221;]<\/p>\n<p>Velocidad<\/p>\n<p>[\/vc_column_text][\/vc_column][vc_column width=&#8221;1\/12&#8243; el_class=&#8221;conIcono&#8221;][vc_single_image source=&#8221;external_link&#8221; alignment=&#8221;center&#8221; custom_src=&#8221;\/\/www.sitrack.cl\/portal\/wp-content\/uploads\/sites\/3\/svg\/ican\/comportamiento-manejo.svg&#8221; el_class=&#8221;icon&#8221;][vc_column_text el_class=&#8221;text-d-icon&#8221;]<\/p>\n<p>Comportamiento en el manejo<\/p>\n<p>[\/vc_column_text][\/vc_column][vc_column width=&#8221;1\/12&#8243; el_class=&#8221;conIcono&#8221;][vc_single_image source=&#8221;external_link&#8221; alignment=&#8221;center&#8221; custom_src=&#8221;\/\/www.sitrack.cl\/portal\/wp-content\/uploads\/sites\/3\/svg\/ican\/presion-acelerador.svg&#8221; el_class=&#8221;icon&#8221;][vc_column_text el_class=&#8221;text-d-icon&#8221;]<\/p>\n<p>Presi\u00f3n del acelerador<\/p>\n<p>[\/vc_column_text][\/vc_column][vc_column width=&#8221;1\/12&#8243; el_class=&#8221;conIcono&#8221;][vc_single_image source=&#8221;external_link&#8221; alignment=&#8221;center&#8221; custom_src=&#8221;\/\/www.sitrack.cl\/portal\/wp-content\/uploads\/sites\/3\/svg\/ican\/nivel-combustible.svg&#8221; el_class=&#8221;icon&#8221;][vc_column_text el_class=&#8221;text-d-icon&#8221;]<\/p>\n<p>En algunos modelos nivel de combustible<\/p>\n<p>[\/vc_column_text][\/vc_column][vc_column width=&#8221;1\/12&#8243; el_class=&#8221;conIcono&#8221;][vc_single_image source=&#8221;external_link&#8221; alignment=&#8221;center&#8221; custom_src=&#8221;\/\/www.sitrack.cl\/portal\/wp-content\/uploads\/sites\/3\/svg\/ican\/rpm.svg&#8221; el_class=&#8221;icon&#8221;][vc_column_text el_class=&#8221;text-d-icon&#8221;]<\/p>\n<p>RPM<\/p>\n<p>[\/vc_column_text][\/vc_column][vc_column width=&#8221;1\/12&#8243; el_class=&#8221;conIcono&#8221;][vc_single_image source=&#8221;external_link&#8221; alignment=&#8221;center&#8221; custom_src=&#8221;\/\/www.sitrack.cl\/portal\/wp-content\/uploads\/sites\/3\/svg\/ican\/temperatura.svg&#8221; el_class=&#8221;icon&#8221;][vc_column_text el_class=&#8221;text-d-icon&#8221;]<\/p>\n<p>Temperatura<\/p>\n<p>[\/vc_column_text][\/vc_column][vc_column width=&#8221;1\/12&#8243; el_class=&#8221;sinIcono&#8221;][\/vc_column][vc_column width=&#8221;1\/12&#8243; el_class=&#8221;sinIcono&#8221;][\/vc_column][\/vc_row][\/vc_section][vc_section full_width=&#8221;stretch_row&#8221; css=&#8221;.vc_custom_1586194212548{background-image: url(\/\/www.sitrack.cl\/portal\/wp-content\/uploads\/sites\/3\/2019\/11\/fondo-formulario.jpg?id=1024) !important;background-position: center !important;background-repeat: no-repeat !important;background-size: cover !important;}&#8221; el_id=&#8221;formulario-landing&#8221; el_class=&#8221;parallax mPS2id-target&#8221;][vc_row css_animation=&#8221;fadeIn&#8221; el_id=&#8221;formulario&#8221; el_class=&#8221;boxer&#8221;][vc_column width=&#8221;1\/3&#8243;][vc_row_inner el_class=&#8221;col-50&#8243;][vc_column_inner width=&#8221;1\/12&#8243;][\/vc_column_inner][vc_column_inner width=&#8221;1\/12&#8243;][\/vc_column_inner][\/vc_row_inner][\/vc_column][vc_column width=&#8221;1\/3&#8243; el_class=&#8221;col-50&#8243;][vc_column_text]<\/p>\n<p>\u00a1Nosotros te asesoramos!<\/p>\n<p>[\/vc_column_text][vc_raw_html]JTNDJTIxLS0lNUJpZiUyMGx0ZSUyMElFJTIwOCU1RCUzRSUwQSUzQ3NjcmlwdCUyMGNoYXJzZXQlM0QlMjJ1dGYtOCUyMiUyMHR5cGUlM0QlMjJ0ZXh0JTJGamF2YXNjcmlwdCUyMiUyMHNyYyUzRCUyMiUyRiUyRmpzLmhzZm9ybXMubmV0JTJGZm9ybXMlMkZ2Mi1sZWdhY3kuanMlMjIlM0UlM0MlMkZzY3JpcHQlM0UlMEElM0MlMjElNUJlbmRpZiU1RC0tJTNFJTBBJTNDc2NyaXB0JTIwY2hhcnNldCUzRCUyMnV0Zi04JTIyJTIwdHlwZSUzRCUyMnRleHQlMkZqYXZhc2NyaXB0JTIyJTIwc3JjJTNEJTIyJTJGJTJGanMuaHNmb3Jtcy5uZXQlMkZmb3JtcyUyRnYyLmpzJTIyJTNFJTNDJTJGc2NyaXB0JTNFJTBBJTNDc2NyaXB0JTNFJTBBJTIwJTIwaGJzcHQuZm9ybXMuY3JlYXRlJTI4JTdCJTBBJTA5cG9ydGFsSWQlM0ElMjAlMjIyNDI3MTIxJTIyJTJDJTBBJTA5Zm9ybUlkJTNBJTIwJTIyZDlmODE2NmYtOTgwYS00ZjA4LTk3MTMtZDY0ZDVhNGE0ZDU0JTIyJTBBJTdEJTI5JTNCJTBBJTNDJTJGc2NyaXB0JTNF[\/vc_raw_html][\/vc_column][vc_column width=&#8221;1\/3&#8243;][vc_raw_html]JTNDc2NyaXB0JTNFJTBBalF1ZXJ5JTI4ZG9jdW1lbnQlMjkucmVhZHklMjhmdW5jdGlvbiUyOCUyNCUyOSU3QiUwQSUyMCUyMCUyMCUyMHZhciUyMCUyNHJvb3QlMjAlM0QlMjAlMjQlMjglMjdodG1sJTJDJTIwYm9keSUyNyUyOSUzQiUwQSUyMCUyMCUyMCUyMCUyNCUyOCUyN2ElNUJocmVmJTVFJTNEJTIyJTIzJTIyJTVEJTI3JTI5LmNsaWNrJTI4ZnVuY3Rpb24lMjglMjklMjAlN0IlMEElMjAlMjAlMjAlMjAlMjAlMjAlMjAlMjB2YXIlMjBocmVmJTIwJTNEJTIwJTI0LmF0dHIlMjh0aGlzJTJDJTIwJTI3aHJlZiUyNyUyOSUzQiUwQSUyMCUyMCUyMCUyMCUyMCUyMCUyMCUyMCUyNHJvb3QuYW5pbWF0ZSUyOCU3QiUwQSUyMCUyMCUyMCUyMCUyMCUyMCUyMCUyMCUyMCUyMCUyMCUyMHNjcm9sbFRvcCUzQSUyMCUyNCUyOGhyZWYlMjkub2Zmc2V0JTI4JTI5LnRvcCUwQSUyMCUyMCUyMCUyMCUyMCUyMCUyMCUyMCU3RCUyQyUyMDUwMCUyQyUyMGZ1bmN0aW9uJTIwJTI4JTI5JTIwJTdCJTBBJTIwJTIwJTIwJTIwJTIwJTIwJTIwJTIwJTIwJTIwJTIwJTIwd2luZG93LmxvY2F0aW9uLmhhc2glMjAlM0QlMjBocmVmJTNCJTBBJTIwJTIwJTIwJTIwJTIwJTIwJTIwJTIwJTdEJTI5JTNCJTBBJTIwJTIwJTIwJTIwJTIwJTIwJTIwJTIwJTIwJTBBJTIwJTIwJTIwJTIwJTIwJTIwJTIwJTIwcmV0dXJuJTIwZmFsc2UlM0IlMEElMjAlMjAlMjAlMjAlN0QlMjklM0IlMEElMjAlMEElN0QlMjklMEElM0MlMkZzY3JpcHQlM0U=[\/vc_raw_html][\/vc_column][\/vc_row][\/vc_section][vc_row][vc_column][\/vc_column][\/vc_row]<\/p>\n","protected":false},"excerpt":{"rendered":"[vc_section full_width=&#8221;stretch_row&#8221; css=&#8221;.vc_custom_1578923109221{background-image: url(https:\/\/www.sitrack.cl\/portal\/wp-content\/uploads\/sites\/3\/2020\/01\/banner-ican.jpg?id=1261) !important;background-position: center !important;background-repeat: no-repeat !important;background-size: cover !important;}&#8221; el_id=&#8221;banner-landing&#8221;][vc_row el_class=&#8221;boxer&#8221;][vc_column][vc_row_inner][vc_column_inner el_class=&#8221;texts-banner&#8221; width=&#8221;9\/12&#8243;][vc_column_text css_animation=&#8221;fadeIn&#8221; el_class=&#8221;texts-banner&#8221;] Telemetr\u00eda iCAN Obt\u00e9n informaci\u00f3n del motor a trav\u00e9s de reportes gr\u00e1ficos sobre la conducci\u00f3n y consumo de combustible. Cont\u00e1ctanos[\/vc_column_text][\/vc_column_inner][\/vc_row_inner][\/vc_column][\/vc_row][\/vc_section][vc_section full_width=&#8221;stretch_row&#8221; content_placement=&#8221;top&#8221; css_animation=&#8221;fadeIn&#8221; el_class=&#8221;parallax&#8221; el_id=&#8221;informacion-1-landing&#8221;][vc_row content_placement=&#8221;top&#8221; el_class=&#8221;boxer&#8221;][vc_column width=&#8221;1\/2&#8243; el_class=&#8221;column-izq&#8221;][vc_row_inner][vc_column_inner][vc_column_text css_animation=&#8221;fadeInLeft&#8221;] \u00bfPor qu\u00e9 iCAN? Es un dispositivo capaz de leer&#8230; <a class=\"view-article\" href=\"https:\/\/beta.sitrack.com.ar\/portal\/telemetria-ican\/\">Ver art\u00edculo<\/a>","protected":false},"author":1,"featured_media":0,"parent":0,"menu_order":0,"comment_status":"closed","ping_status":"closed","template":"plantilla-landing-iCAN.php","meta":[],"yoast_head":"<!-- This site is optimized with the Yoast SEO plugin v15.5 - https:\/\/yoast.com\/wordpress\/plugins\/seo\/ -->\n<meta name=\"robots\" content=\"index, follow, max-snippet:-1, max-image-preview:large, max-video-preview:-1\" \/>\n<link rel=\"canonical\" href=\"https:\/\/beta.sitrack.com.ar\/portal\/telemetria-ican\/\" \/>\n<meta property=\"og:locale\" content=\"es_ES\" \/>\n<meta property=\"og:type\" content=\"article\" \/>\n<meta property=\"og:title\" content=\"Telemetr\u00eda iCAN 2021 - Sitrack Argentina\" \/>\n<meta property=\"og:description\" content=\"[vc_section full_width=&#8221;stretch_row&#8221; css=&#8221;.vc_custom_1578923109221{background-image: url(https:\/\/www.sitrack.cl\/portal\/wp-content\/uploads\/sites\/3\/2020\/01\/banner-ican.jpg?id=1261) !important;background-position: center !important;background-repeat: no-repeat !important;background-size: cover !important;}&#8221; el_id=&#8221;banner-landing&#8221;][vc_row el_class=&#8221;boxer&#8221;][vc_column][vc_row_inner][vc_column_inner el_class=&#8221;texts-banner&#8221; width=&#8221;9\/12&#8243;][vc_column_text css_animation=&#8221;fadeIn&#8221; el_class=&#8221;texts-banner&#8221;] Telemetr\u00eda iCAN Obt\u00e9n informaci\u00f3n del motor a trav\u00e9s de reportes gr\u00e1ficos sobre la conducci\u00f3n y consumo de combustible. Cont\u00e1ctanos[\/vc_column_text][\/vc_column_inner][\/vc_row_inner][\/vc_column][\/vc_row][\/vc_section][vc_section full_width=&#8221;stretch_row&#8221; content_placement=&#8221;top&#8221; css_animation=&#8221;fadeIn&#8221; el_class=&#8221;parallax&#8221; el_id=&#8221;informacion-1-landing&#8221;][vc_row content_placement=&#8221;top&#8221; el_class=&#8221;boxer&#8221;][vc_column width=&#8221;1\/2&#8243; el_class=&#8221;column-izq&#8221;][vc_row_inner][vc_column_inner][vc_column_text css_animation=&#8221;fadeInLeft&#8221;] \u00bfPor qu\u00e9 iCAN? Es un dispositivo capaz de leer... Ver art\u00edculo\" \/>\n<meta property=\"og:url\" content=\"https:\/\/beta.sitrack.com.ar\/portal\/telemetria-ican\/\" \/>\n<meta property=\"og:site_name\" content=\"Sitrack Argentina\" \/>\n<meta property=\"article:modified_time\" content=\"2021-05-11T19:59:01+00:00\" \/>\n<meta property=\"og:image\" content=\"https:\/\/www.sitrack.cl\/portal\/wp-content\/uploads\/sites\/3\/2020\/01\/ican-png.png\" \/>\n<meta name=\"twitter:card\" content=\"summary\" \/>\n<meta name=\"twitter:label1\" content=\"Est. reading time\">\n\t<meta name=\"twitter:data1\" content=\"4 minutos\">\n<script type=\"application\/ld+json\" class=\"yoast-schema-graph\">{\"@context\":\"https:\/\/schema.org\",\"@graph\":[{\"@type\":\"WebSite\",\"@id\":\"http:\/\/beta.sitrack.com.ar\/portal\/#website\",\"url\":\"http:\/\/beta.sitrack.com.ar\/portal\/\",\"name\":\"Sitrack Argentina\",\"description\":\"Soluciones Inteligentes\",\"potentialAction\":[{\"@type\":\"SearchAction\",\"target\":\"http:\/\/beta.sitrack.com.ar\/portal\/?s={search_term_string}\",\"query-input\":\"required name=search_term_string\"}],\"inLanguage\":\"es-CL\"},{\"@type\":\"ImageObject\",\"@id\":\"https:\/\/beta.sitrack.com.ar\/portal\/telemetria-ican\/#primaryimage\",\"inLanguage\":\"es-CL\",\"url\":\"https:\/\/www.sitrack.cl\/portal\/wp-content\/uploads\/sites\/3\/2020\/01\/ican-png.png\"},{\"@type\":\"WebPage\",\"@id\":\"https:\/\/beta.sitrack.com.ar\/portal\/telemetria-ican\/#webpage\",\"url\":\"https:\/\/beta.sitrack.com.ar\/portal\/telemetria-ican\/\",\"name\":\"Telemetr\\u00eda iCAN 2021 - Sitrack Argentina\",\"isPartOf\":{\"@id\":\"http:\/\/beta.sitrack.com.ar\/portal\/#website\"},\"primaryImageOfPage\":{\"@id\":\"https:\/\/beta.sitrack.com.ar\/portal\/telemetria-ican\/#primaryimage\"},\"datePublished\":\"2021-05-11T16:01:48+00:00\",\"dateModified\":\"2021-05-11T19:59:01+00:00\",\"inLanguage\":\"es-CL\",\"potentialAction\":[{\"@type\":\"ReadAction\",\"target\":[\"https:\/\/beta.sitrack.com.ar\/portal\/telemetria-ican\/\"]}]}]}<\/script>\n<!-- \/ Yoast SEO plugin. -->","_links":{"self":[{"href":"https:\/\/beta.sitrack.com.ar\/portal\/wp-json\/wp\/v2\/pages\/398"}],"collection":[{"href":"https:\/\/beta.sitrack.com.ar\/portal\/wp-json\/wp\/v2\/pages"}],"about":[{"href":"https:\/\/beta.sitrack.com.ar\/portal\/wp-json\/wp\/v2\/types\/page"}],"author":[{"embeddable":true,"href":"https:\/\/beta.sitrack.com.ar\/portal\/wp-json\/wp\/v2\/users\/1"}],"replies":[{"embeddable":true,"href":"https:\/\/beta.sitrack.com.ar\/portal\/wp-json\/wp\/v2\/comments?post=398"}],"version-history":[{"count":3,"href":"https:\/\/beta.sitrack.com.ar\/portal\/wp-json\/wp\/v2\/pages\/398\/revisions"}],"predecessor-version":[{"id":433,"href":"https:\/\/beta.sitrack.com.ar\/portal\/wp-json\/wp\/v2\/pages\/398\/revisions\/433"}],"wp:attachment":[{"href":"https:\/\/beta.sitrack.com.ar\/portal\/wp-json\/wp\/v2\/media?parent=398"}],"curies":[{"name":"wp","href":"https:\/\/api.w.org\/{rel}","templated":true}]}}