{"id":462,"date":"2023-04-19T18:08:06","date_gmt":"2023-04-19T18:08:06","guid":{"rendered":"beta.sitrack.com.ar\/portal\/?page_id=462"},"modified":"2023-06-07T14:23:50","modified_gmt":"2023-06-07T14:23:50","slug":"politica-de-seguridad-de-la-informacion","status":"publish","type":"page","link":"https:\/\/beta.sitrack.com.ar\/portal\/politica-de-seguridad-de-la-informacion\/","title":{"rendered":"Pol\u00edtica de Seguridad de la Informaci\u00f3n"},"content":{"rendered":"<p>[vc_row el_class=&#8221;boxer&#8221; css=&#8221;.vc_custom_1681927948248{padding-top: 200px !important;}&#8221;][vc_column el_class=&#8221;boxer&#8221; css=&#8221;.vc_custom_1686085842347{margin-bottom: 35px !important;}&#8221;][vc_column_text]<\/p>\n<h2>Pol\u00edtica de Seguridad de la Informaci\u00f3n<\/h2>\n<hr \/>\n<p>La Direcci\u00f3n de Sitrack, impulsa y difunde a todos los niveles de la Empresa la siguiente Pol\u00edtica y Objetivos para la gesti\u00f3n de la seguridad de la informaci\u00f3n.<br \/>\nLa informaci\u00f3n que genera y gestiona Sitrack, constituye un activo estrat\u00e9gico clave para asegurar la continuidad del negocio. En este contexto, la Pol\u00edtica de Seguridad de la Informaci\u00f3n est\u00e1 orientada a proteger: la informaci\u00f3n en la totalidad de su ciclo de vida (creaci\u00f3n, difusi\u00f3n, modificaci\u00f3n, almacenamiento, preservaci\u00f3n y eliminaci\u00f3n), los medios que permiten dicho ciclo y las personas que acceden a la informaci\u00f3n y\/o la manipulan, con el fin de garantizar su integridad, disponibilidad y confidencialidad.<\/p>\n<p>&nbsp;<\/p>\n<h2>DECLARACI\u00d3N DE INTENCI\u00d3N DE LA DIRECCI\u00d3N<\/h2>\n<p>Sitrack protege los recursos de informaci\u00f3n y la tecnolog\u00eda usada para su procesamiento de las amenazas internas o externas, deliberadas o accidentales; con el fin de asegurar el cumplimiento de la confidencialidad, integridad, disponibilidad, legalidad y confiabilidad de la informaci\u00f3n. Adem\u00e1s de poder garantizar la continuidad de los sistemas de informaci\u00f3n, minimizar riesgos de da\u00f1o y asegurar el eficiente cumplimiento de sus objetivos estrat\u00e9gicos.<\/p>\n<p>&nbsp;<\/p>\n<h2>PRINCIPIOS DE SEGURIDAD DE LA INFORMACI\u00d3N<\/h2>\n<ol>\n<li>Promover una cultura organizacional orientada a la seguridad de la informaci\u00f3n.<\/li>\n<li>Comprometer a las m\u00e1ximas autoridades de Sitrack en la difusi\u00f3n, consolidaci\u00f3n y cumplimiento de la pol\u00edtica.<\/li>\n<li>Mantener las pol\u00edticas, normativas y procedimientos actualizados, con el fin de asegurar su vigencia y nivel de eficacia.<\/li>\n<li>Cumplir con los requisitos legales, reglamentarios, los propios de la organizaci\u00f3n y la mejora continua.<\/li>\n<\/ol>\n<p>&nbsp;<\/p>\n<h2>OBJETIVOS DE LA GESTI\u00d3N DE SEGURIDAD DE LA INFORMACI\u00d3N<\/h2>\n<p>La organizaci\u00f3n establece los siguientes objetivos de seguridad de la informaci\u00f3n:<\/p>\n<ol>\n<li>Proteger los activos de informaci\u00f3n, con base en los criterios de confidencialidad, integridad y disponibilidad.<\/li>\n<li>Gestionar los riesgos de seguridad de la informaci\u00f3n para mantenerlos en niveles aceptables, de acuerdo a la clasificaci\u00f3n de riesgos.<\/li>\n<li>Gestionar la infraestructura tecnol\u00f3gica, con el fin de brindar la adecuada prestaci\u00f3n de los servicios, implementando planes de contingencia y continuidad de las operaciones.<br \/>\nImplementar, operar y revisar peri\u00f3dicamente los controles establecidos en la Declaraci\u00f3n de Aplicabilidad.<\/li>\n<li>Establecer y mantener las Pol\u00edticas del Sistema de Gesti\u00f3n de Seguridad de la Informaci\u00f3n, as\u00ed como velar por su cumplimiento.<\/li>\n<li>Comunicar y mantener informado al personal, acerca de los presentes objetivos.<\/li>\n<\/ol>\n<p>&nbsp;<\/p>\n<h2>ALCANCE DE LA POL\u00cdTICA DE SEGURIDAD DE LA INFORMACI\u00d3N<\/h2>\n<p>Alcance General<\/p>\n<ol>\n<li>La Direcci\u00f3n de Sitrack establece su compromiso para el establecimiento, la implementaci\u00f3n, el mantenimiento y la mejora continua de un Sistema de Gesti\u00f3n de Seguridad de la Informaci\u00f3n (SGSI) dentro del contexto de la organizaci\u00f3n, cuyo alcance se corresponde con: Servicios de desarrollo de software y de operaci\u00f3n en infraestructura cloud.<\/li>\n<li>La presente pol\u00edtica debe ser conocida y cumplida por todo el personal de Sitrack.<\/li>\n<\/ol>\n<p>&nbsp;<\/p>\n<h2>DEFINICI\u00d3N DE LOS ACTIVOS DE INFORMACI\u00d3N<\/h2>\n<p>Son todos aquellos elementos relevantes en la producci\u00f3n, emisi\u00f3n, almacenamiento, comunicaci\u00f3n, visualizaci\u00f3n y recuperaci\u00f3n de informaci\u00f3n de valor para Sitrack, en la que se distinguen tres niveles:<\/p>\n<ol>\n<li>La Informaci\u00f3n propiamente dicha, en sus m\u00faltiples formatos (papel, digital, texto, imagen, audio, video, etc.).<\/li>\n<li>Los Equipos\/Sistemas\/infraestructura que soportan esta informaci\u00f3n.<\/li>\n<li>Las Personas que utilizan la informaci\u00f3n, y que tienen el conocimiento de los procesos de la empresa.<\/li>\n<\/ol>\n<p>&nbsp;<\/p>\n<h2>MARCO GENERAL DE LAS POL\u00cdTICAS DE SEGURIDAD DE SITRACK<\/h2>\n<h3><\/h3>\n<h3>Aspectos Generales<\/h3>\n<p>La Pol\u00edtica de Seguridad de la Informaci\u00f3n ha sido elaborada en concordancia con la legislaci\u00f3n vigente en el pa\u00eds.<br \/>\nLa Direcci\u00f3n de Sitrack se compromete a realizar las acciones que est\u00e9n a su alcance para permitir la continuidad operativa de manera de hacer frente a las interrupciones de las actividades institucionales y proteger los procesos cr\u00edticos de los efectos de fallas importantes o desastres en los sistemas de informaci\u00f3n y asegurar su reanudaci\u00f3n oportuna.<\/p>\n<h3><\/h3>\n<h3>Aprobaci\u00f3n de la Pol\u00edtica<\/h3>\n<p>Esta pol\u00edtica de seguridad de la informaci\u00f3n est\u00e1 aprobada por la Alta Direcci\u00f3n, reflejando claramente su compromiso, apoyo e inter\u00e9s en el desarrollo de una cultura de seguridad de la informaci\u00f3n en Sitrack.<br \/>\nDifusi\u00f3n de la Pol\u00edtica<\/p>\n<p>Las pol\u00edticas de seguridad de la informaci\u00f3n son comunicadas a todo el personal de Sitrack y a terceros que presten servicios en la organizaci\u00f3n, como as\u00ed tambi\u00e9n a las entidades externas relevantes.<\/p>\n<h3><\/h3>\n<h3>Revisi\u00f3n de la Pol\u00edtica<\/h3>\n<p>La Pol\u00edtica de Seguridad de la Informaci\u00f3n es revisada anualmente a efectos de mantenerla actualizada. Asimismo, se efectuar\u00e1 toda modificaci\u00f3n que sea necesaria en funci\u00f3n a posibles cambios que puedan afectar su definici\u00f3n, como ser: cambios tecnol\u00f3gicos; impacto de los incidentes de seguridad; cambios estructurales en Sitrack; cambios de las condiciones y\/o requisitos legales; a solicitud de la Direcci\u00f3n.<br \/>\nLa modificaci\u00f3n del presente documento est\u00e1 a cargo de Seguridad Inform\u00e1tica y es aprobado por la Direcci\u00f3n de la empresa.[\/vc_column_text][\/vc_column][\/vc_row]<\/p>\n","protected":false},"excerpt":{"rendered":"[vc_row el_class=&#8221;boxer&#8221; css=&#8221;.vc_custom_1681927948248{padding-top: 200px !important;}&#8221;][vc_column el_class=&#8221;boxer&#8221; css=&#8221;.vc_custom_1686085842347{margin-bottom: 35px !important;}&#8221;][vc_column_text] Pol\u00edtica de Seguridad de la Informaci\u00f3n La Direcci\u00f3n de Sitrack, impulsa y difunde a todos los niveles de la Empresa la siguiente Pol\u00edtica y Objetivos para la gesti\u00f3n de la seguridad de la informaci\u00f3n. La informaci\u00f3n que genera y gestiona Sitrack, constituye un activo estrat\u00e9gico clave&#8230; <a class=\"view-article\" href=\"https:\/\/beta.sitrack.com.ar\/portal\/politica-de-seguridad-de-la-informacion\/\">Ver art\u00edculo<\/a>","protected":false},"author":1,"featured_media":0,"parent":0,"menu_order":0,"comment_status":"closed","ping_status":"closed","template":"plantilla-home-espanol.php","meta":[],"yoast_head":"<!-- This site is optimized with the Yoast SEO plugin v15.5 - https:\/\/yoast.com\/wordpress\/plugins\/seo\/ -->\n<meta name=\"robots\" content=\"index, follow, max-snippet:-1, max-image-preview:large, max-video-preview:-1\" \/>\n<link rel=\"canonical\" href=\"https:\/\/beta.sitrack.com.ar\/portal\/politica-de-seguridad-de-la-informacion\/\" \/>\n<meta property=\"og:locale\" content=\"es_ES\" \/>\n<meta property=\"og:type\" content=\"article\" \/>\n<meta property=\"og:title\" content=\"Pol\u00edtica de Seguridad de la Informaci\u00f3n - Sitrack Argentina\" \/>\n<meta property=\"og:description\" content=\"[vc_row el_class=&#8221;boxer&#8221; css=&#8221;.vc_custom_1681927948248{padding-top: 200px !important;}&#8221;][vc_column el_class=&#8221;boxer&#8221; css=&#8221;.vc_custom_1686085842347{margin-bottom: 35px !important;}&#8221;][vc_column_text] Pol\u00edtica de Seguridad de la Informaci\u00f3n La Direcci\u00f3n de Sitrack, impulsa y difunde a todos los niveles de la Empresa la siguiente Pol\u00edtica y Objetivos para la gesti\u00f3n de la seguridad de la informaci\u00f3n. La informaci\u00f3n que genera y gestiona Sitrack, constituye un activo estrat\u00e9gico clave... Ver art\u00edculo\" \/>\n<meta property=\"og:url\" content=\"https:\/\/beta.sitrack.com.ar\/portal\/politica-de-seguridad-de-la-informacion\/\" \/>\n<meta property=\"og:site_name\" content=\"Sitrack Argentina\" \/>\n<meta property=\"article:modified_time\" content=\"2023-06-07T14:23:50+00:00\" \/>\n<meta name=\"twitter:card\" content=\"summary\" \/>\n<meta name=\"twitter:label1\" content=\"Est. reading time\">\n\t<meta name=\"twitter:data1\" content=\"4 minutos\">\n<script type=\"application\/ld+json\" class=\"yoast-schema-graph\">{\"@context\":\"https:\/\/schema.org\",\"@graph\":[{\"@type\":\"WebSite\",\"@id\":\"http:\/\/beta.sitrack.com.ar\/portal\/#website\",\"url\":\"http:\/\/beta.sitrack.com.ar\/portal\/\",\"name\":\"Sitrack Argentina\",\"description\":\"Soluciones Inteligentes\",\"potentialAction\":[{\"@type\":\"SearchAction\",\"target\":\"http:\/\/beta.sitrack.com.ar\/portal\/?s={search_term_string}\",\"query-input\":\"required name=search_term_string\"}],\"inLanguage\":\"es-CL\"},{\"@type\":\"WebPage\",\"@id\":\"https:\/\/beta.sitrack.com.ar\/portal\/politica-de-seguridad-de-la-informacion\/#webpage\",\"url\":\"https:\/\/beta.sitrack.com.ar\/portal\/politica-de-seguridad-de-la-informacion\/\",\"name\":\"Pol\\u00edtica de Seguridad de la Informaci\\u00f3n - Sitrack Argentina\",\"isPartOf\":{\"@id\":\"http:\/\/beta.sitrack.com.ar\/portal\/#website\"},\"datePublished\":\"2023-04-19T18:08:06+00:00\",\"dateModified\":\"2023-06-07T14:23:50+00:00\",\"inLanguage\":\"es-CL\",\"potentialAction\":[{\"@type\":\"ReadAction\",\"target\":[\"https:\/\/beta.sitrack.com.ar\/portal\/politica-de-seguridad-de-la-informacion\/\"]}]}]}<\/script>\n<!-- \/ Yoast SEO plugin. -->","_links":{"self":[{"href":"https:\/\/beta.sitrack.com.ar\/portal\/wp-json\/wp\/v2\/pages\/462"}],"collection":[{"href":"https:\/\/beta.sitrack.com.ar\/portal\/wp-json\/wp\/v2\/pages"}],"about":[{"href":"https:\/\/beta.sitrack.com.ar\/portal\/wp-json\/wp\/v2\/types\/page"}],"author":[{"embeddable":true,"href":"https:\/\/beta.sitrack.com.ar\/portal\/wp-json\/wp\/v2\/users\/1"}],"replies":[{"embeddable":true,"href":"https:\/\/beta.sitrack.com.ar\/portal\/wp-json\/wp\/v2\/comments?post=462"}],"version-history":[{"count":17,"href":"https:\/\/beta.sitrack.com.ar\/portal\/wp-json\/wp\/v2\/pages\/462\/revisions"}],"predecessor-version":[{"id":479,"href":"https:\/\/beta.sitrack.com.ar\/portal\/wp-json\/wp\/v2\/pages\/462\/revisions\/479"}],"wp:attachment":[{"href":"https:\/\/beta.sitrack.com.ar\/portal\/wp-json\/wp\/v2\/media?parent=462"}],"curies":[{"name":"wp","href":"https:\/\/api.w.org\/{rel}","templated":true}]}}