{"id":481,"date":"2023-07-25T14:14:35","date_gmt":"2023-07-25T14:14:35","guid":{"rendered":"beta.sitrack.com.ar\/portal\/?page_id=481"},"modified":"2023-07-25T14:34:10","modified_gmt":"2023-07-25T14:34:10","slug":"politicas-de-calidad","status":"publish","type":"page","link":"https:\/\/beta.sitrack.com.ar\/portal\/politicas-de-calidad\/","title":{"rendered":"Politicas de Calidad"},"content":{"rendered":"<p>[vc_row el_class=&#8221;boxer salame&#8221;][vc_column el_class=&#8221;boxer&#8221; css=&#8221;.vc_custom_1686085842347{margin-bottom: 35px !important;}&#8221;][vc_column_text]<\/p>\n<h2>Pol\u00edtica de la Calidad:<\/h2>\n<p>Lograr la excelencia en la prestaci\u00f3n del servicio, siendo proactivos a las necesidades de nuestros clientes para obtener su satisfacci\u00f3n y fidelizaci\u00f3n total.<\/p>\n<p>Asumir los compromisos de cumplir con los requisitos normativos, cumplir y mejorar el sistema de gesti\u00f3n de la calidad y las actividades dirigidas a las partes interesadas, evaluando sistem\u00e1ticamente su grado de satisfacci\u00f3n, identificando sus necesidades y expectativas y mejorando la calidad de los servicios que se les brindan.<\/p>\n<p>Lograr una imagen s\u00f3lida, confiable, eficiente y de avanzada en tecnolog\u00eda, dentro del mercado de movimiento de informaci\u00f3n entre m\u00f3viles, en el concepto m\u00e1s amplio del mismo.<\/p>\n<p>Lograr efectividad y un buen ambiente de trabajo incentivando la creatividad e iniciativa del personal, promulgando la \u00e9tica, el profesionalismo y el trabajo en equipo.<\/p>\n<p>Establecer una estructura din\u00e1mica que permita la mejora continua del sistema de gesti\u00f3n de la calidad y acompa\u00f1e la evoluci\u00f3n del modelo de negocio de <span style=\"color: #0000ff;\"><strong><a class=\"ql-link\" style=\"color: #0000ff;\" href=\"beta.sitrack.com\" target=\"_blank\" rel=\"noopener noreferrer\">beta.sitrack.com<\/a><\/strong>.<\/span>[\/vc_column_text][\/vc_column][\/vc_row]<\/p>\n","protected":false},"excerpt":{"rendered":"[vc_row el_class=&#8221;boxer salame&#8221;][vc_column el_class=&#8221;boxer&#8221; css=&#8221;.vc_custom_1686085842347{margin-bottom: 35px !important;}&#8221;][vc_column_text] Pol\u00edtica de la Calidad: Lograr la excelencia en la prestaci\u00f3n del servicio, siendo proactivos a las necesidades de nuestros clientes para obtener su satisfacci\u00f3n y fidelizaci\u00f3n total. Asumir los compromisos de cumplir con los requisitos normativos, cumplir y mejorar el sistema de gesti\u00f3n de la calidad y las&#8230; <a class=\"view-article\" href=\"https:\/\/beta.sitrack.com.ar\/portal\/politicas-de-calidad\/\">Ver art\u00edculo<\/a>","protected":false},"author":1,"featured_media":0,"parent":0,"menu_order":0,"comment_status":"closed","ping_status":"closed","template":"plantilla-home-espanol.php","meta":[],"yoast_head":"<!-- This site is optimized with the Yoast SEO plugin v15.5 - https:\/\/yoast.com\/wordpress\/plugins\/seo\/ -->\n<meta name=\"robots\" content=\"index, follow, max-snippet:-1, max-image-preview:large, max-video-preview:-1\" \/>\n<link rel=\"canonical\" href=\"http:\/\/beta.sitrack.com.ar\/portal\/politicas-de-calidad\/\" \/>\n<meta property=\"og:locale\" content=\"es_ES\" \/>\n<meta property=\"og:type\" content=\"article\" \/>\n<meta property=\"og:title\" content=\"Politicas de Calidad - Sitrack Argentina\" \/>\n<meta property=\"og:description\" content=\"[vc_row el_class=&#8221;boxer salame&#8221;][vc_column el_class=&#8221;boxer&#8221; css=&#8221;.vc_custom_1686085842347{margin-bottom: 35px !important;}&#8221;][vc_column_text] Pol\u00edtica de la Calidad: Lograr la excelencia en la prestaci\u00f3n del servicio, siendo proactivos a las necesidades de nuestros clientes para obtener su satisfacci\u00f3n y fidelizaci\u00f3n total. Asumir los compromisos de cumplir con los requisitos normativos, cumplir y mejorar el sistema de gesti\u00f3n de la calidad y las... Ver art\u00edculo\" \/>\n<meta property=\"og:url\" content=\"http:\/\/beta.sitrack.com.ar\/portal\/politicas-de-calidad\/\" \/>\n<meta property=\"og:site_name\" content=\"Sitrack Argentina\" \/>\n<meta property=\"article:modified_time\" content=\"2023-07-25T14:34:10+00:00\" \/>\n<meta name=\"twitter:card\" content=\"summary\" \/>\n<meta name=\"twitter:label1\" content=\"Est. reading time\">\n\t<meta name=\"twitter:data1\" content=\"1 minuto\">\n<script type=\"application\/ld+json\" class=\"yoast-schema-graph\">{\"@context\":\"https:\/\/schema.org\",\"@graph\":[{\"@type\":\"WebSite\",\"@id\":\"http:\/\/beta.sitrack.com.ar\/portal\/#website\",\"url\":\"http:\/\/beta.sitrack.com.ar\/portal\/\",\"name\":\"Sitrack Argentina\",\"description\":\"Soluciones Inteligentes\",\"potentialAction\":[{\"@type\":\"SearchAction\",\"target\":\"http:\/\/beta.sitrack.com.ar\/portal\/?s={search_term_string}\",\"query-input\":\"required name=search_term_string\"}],\"inLanguage\":\"es-CL\"},{\"@type\":\"WebPage\",\"@id\":\"http:\/\/beta.sitrack.com.ar\/portal\/politicas-de-calidad\/#webpage\",\"url\":\"http:\/\/beta.sitrack.com.ar\/portal\/politicas-de-calidad\/\",\"name\":\"Politicas de Calidad - Sitrack Argentina\",\"isPartOf\":{\"@id\":\"http:\/\/beta.sitrack.com.ar\/portal\/#website\"},\"datePublished\":\"2023-07-25T14:14:35+00:00\",\"dateModified\":\"2023-07-25T14:34:10+00:00\",\"inLanguage\":\"es-CL\",\"potentialAction\":[{\"@type\":\"ReadAction\",\"target\":[\"http:\/\/beta.sitrack.com.ar\/portal\/politicas-de-calidad\/\"]}]}]}<\/script>\n<!-- \/ Yoast SEO plugin. -->","_links":{"self":[{"href":"https:\/\/beta.sitrack.com.ar\/portal\/wp-json\/wp\/v2\/pages\/481"}],"collection":[{"href":"https:\/\/beta.sitrack.com.ar\/portal\/wp-json\/wp\/v2\/pages"}],"about":[{"href":"https:\/\/beta.sitrack.com.ar\/portal\/wp-json\/wp\/v2\/types\/page"}],"author":[{"embeddable":true,"href":"https:\/\/beta.sitrack.com.ar\/portal\/wp-json\/wp\/v2\/users\/1"}],"replies":[{"embeddable":true,"href":"https:\/\/beta.sitrack.com.ar\/portal\/wp-json\/wp\/v2\/comments?post=481"}],"version-history":[{"count":6,"href":"https:\/\/beta.sitrack.com.ar\/portal\/wp-json\/wp\/v2\/pages\/481\/revisions"}],"predecessor-version":[{"id":521,"href":"https:\/\/beta.sitrack.com.ar\/portal\/wp-json\/wp\/v2\/pages\/481\/revisions\/521"}],"wp:attachment":[{"href":"https:\/\/beta.sitrack.com.ar\/portal\/wp-json\/wp\/v2\/media?parent=481"}],"curies":[{"name":"wp","href":"https:\/\/api.w.org\/{rel}","templated":true}]}}